{"id":98,"date":"2018-05-06T12:59:56","date_gmt":"2018-05-06T10:59:56","guid":{"rendered":"http:\/\/fne-yvelines.org\/?page_id=98"},"modified":"2022-01-09T18:39:59","modified_gmt":"2022-01-09T17:39:59","slug":"liens-utiles","status":"publish","type":"page","link":"https:\/\/fne-yvelines.org\/index.php\/liens-utiles\/","title":{"rendered":"Liens utiles"},"content":{"rendered":"<p style=\"text-align: justify;\">Cette page a pour but de pr\u00e9senter un certain nombre de sites internent du d\u00e9partement (ou qui apportent des informations li\u00e9es au d\u00e9partement des Yvelines) dans le domaine de l&#8217;environnement :<\/p>\n<p>Pour toute d\u00e9marche en ce qui concerne l&#8217;environnement, nous vous recommandons le <a href=\"http:\/\/www.picardie-nature.org\/IMG\/pdf\/2015-guide-sentinelle.pdf\" target=\"_blank\" rel=\"noopener noreferrer\">Guide de la Sentinelle de l&#8217;Environnement de Picardie Nature<\/a>\u00a0 qui date de 2015.<\/p>\n<p><strong>Enqu\u00eates publiques \/ Demandes au cas par cas \/ Avis MRAe et de l&#8217;Ae<\/strong><\/p>\n<p><a href=\"http:\/\/www.yvelines.gouv.fr\/Publications\/Enquetes-publiques\" target=\"_blank\" rel=\"noopener noreferrer\" class=\"broken_link\">Enqu\u00eates publiques au niveau du d\u00e9partement<\/a><\/p>\n<p><a href=\"http:\/\/www.yvelines.gouv.fr\/Publications\/Consultation-du-public\" target=\"_blank\" rel=\"noopener noreferrer\" class=\"broken_link\">Consultations du public<\/a><\/p>\n<p><a href=\"http:\/\/www.driee.ile-de-france.developpement-durable.gouv.fr\/yvelines-78-r692.html\" target=\"_blank\" rel=\"noopener noreferrer\" class=\"broken_link\">Demandes au cas par cas<\/a><\/p>\n<p><a href=\"http:\/\/www.driee.ile-de-france.developpement-durable.gouv.fr\/projets-dans-les-yvelines-a780.html\" target=\"_blank\" rel=\"noopener noreferrer\" class=\"broken_link\">Avis de la MRAe (Mission R\u00e9gionale de l&#8217;Autorit\u00e9 environnementale)<\/a><\/p>\n<p><a href=\"http:\/\/www.cgedd.developpement-durable.gouv.fr\/les-avis-deliberes-de-l-autorite-environnementale-a331.html\" target=\"_blank\" rel=\"noopener noreferrer\">Avis de l&#8217;Ae (Autorit\u00e9 environnementale, concerne toute la France)<\/a><\/p>\n<p><strong>Sites de l&#8217;administration d\u00e9partementale :<\/strong><\/p>\n<p><a href=\"http:\/\/www.yvelines.gouv.fr\/Services-de-l-Etat\/Unite-Territoriale-de-la-DRIEE-Environnement-et-Energie\" target=\"_blank\" rel=\"noopener noreferrer\" class=\"broken_link\">Unit\u00e9 Territoriale de la DRIEE (Environnement et \u00c9nergie)<\/a><\/p>\n<p class=\"titre\"><a href=\"http:\/\/www.spi-vds.org\/fr\/Accueil-3.html\" target=\"_blank\" rel=\"noopener noreferrer\">Secr\u00e9tariat permanent pour la pr\u00e9vention des pollutions industrielles (SPI) Vall\u00e9e de Seine\u00a0<\/a><\/p>\n<p><a href=\"http:\/\/www.achats.yvelines.fr\/accueil.htm\" target=\"_blank\" rel=\"noopener noreferrer\">Plateforme des march\u00e9s publics du d\u00e9partement<\/a> (on peut s&#8217;y inscrire pour recevoir les alertes)<\/p>\n<p><a href=\"http:\/\/www.yvelines.gouv.fr\/Publications\/Recueil-des-actes-administratifs\" target=\"_blank\" rel=\"noopener noreferrer\" class=\"broken_link\">Recueil des actes administratifs<\/a> \u00a0(cf. ci-dessous)<\/p>\n<p>Sur le site de la pr\u00e9fecture, un nouveau fichier .pdf contenant les arr\u00eat\u00e9s est mis en ligne pratiquement chaque jour ouvrable. Ce grand nombre de fichiers rend la recherche d&#8217;un document sp\u00e9cifique fastidieuse. Les fichiers ci-dessous rassemblent les tables des mati\u00e8res de tous les recueils d&#8217;une ann\u00e9e (de 2017 \u00e0 2019). En faisant une recherche par mots-cl\u00e9s, on peut retrouver la date de l&#8217;arr\u00eat\u00e9 recherch\u00e9 puis aller le r\u00e9cup\u00e9rer sur le site indiqu\u00e9 ci-dessus.<\/p>\n<p><a href=\"https:\/\/fne-yvelines.org\/wp-content\/uploads\/2022\/01\/Recueil-actes-administrtatifs-2021.pdf\" target=\"_blank\" rel=\"noopener noreferrer\">Table des mati\u00e8res des recueils des actes administratifs ann\u00e9e 2021<\/a><\/p>\n<p><a href=\"https:\/\/fne-yvelines.org\/wp-content\/uploads\/2021\/01\/Sommaires-des-recueils-des-actes-administratifs-Yvelines-ann\u00e9e-2020.pdf\" target=\"_blank\" rel=\"noopener noreferrer\">Table des mati\u00e8res des recueils des actes administratifs ann\u00e9e 2020<\/a><\/p>\n<p><a href=\"https:\/\/fne-yvelines.org\/wp-content\/uploads\/2020\/03\/sommaires-actes-administratifs-2019.pdf\" target=\"_blank\" rel=\"noopener noreferrer\">Table des mati\u00e8res des recueils des actes administratifs de l&#8217;ann\u00e9e 2019<\/a><\/p>\n<p><a href=\"https:\/\/fne-yvelines.org\/wp-content\/uploads\/2020\/03\/sommaires-actes-administratifs-2018_Optimized.pdf\" target=\"_blank\" rel=\"noopener noreferrer\">Table des mati\u00e8res des recueils des actes administratifs de l&#8217;ann\u00e9e 2018<\/a><\/p>\n<p><a href=\"https:\/\/fne-yvelines.org\/wp-content\/uploads\/2020\/03\/sommaires-actes-administratifs-2017.pdf\" target=\"_blank\" rel=\"noopener noreferrer\">Table des mati\u00e8res des recueils des actes administratifs de l&#8217;ann\u00e9e 2017<\/a><\/p>\n<p><strong>Sites du Conseil D\u00e9partemental :<\/strong><\/p>\n<p><a href=\"https:\/\/www.yvelines.fr\/cadre-de-vie\/deplacements\/\" target=\"_blank\" rel=\"noopener noreferrer\">Les transports (mobilit\u00e9s, nouveaux projets d&#8217;infrastructures)<\/a><\/p>\n<p><a href=\"https:\/\/www.yvelines.fr\/cadre-de-vie\/environnement\/\" target=\"_blank\" rel=\"noopener noreferrer\">L&#8217;environnement dans les Yvelines<\/a><\/p>\n<p><strong>Sites r\u00e9gionaux<\/strong><\/p>\n<p><a href=\"http:\/\/www.driee.ile-de-france.developpement-durable.gouv.fr\/cartographie-des-risques-et-des-nuisances-r238.html\" target=\"_blank\" rel=\"noopener noreferrer\" class=\"broken_link\">Cartographie des risques et des nuisances<\/a><\/p>\n<p><a href=\"https:\/\/www.iau-idf.fr\/\" target=\"_blank\" rel=\"noopener noreferrer\">Institut d&#8217;Am\u00e9nagement et d&#8217;Urbanisme d&#8217;Ile de France (IAU)<\/a><\/p>\n<p><span class=\"video__ceser-en-images titre_haut-ceser\"><a href=\"http:\/\/www.ceser-iledefrance.fr\/\" target=\"_blank\" rel=\"noopener noreferrer\">Conseil \u00e9conomique, social et environnemental r\u00e9gional (CESER)<\/a><span class=\"titre_ceser_env\"><br \/>\n<\/span><\/span><\/p>\n<p><a href=\"http:\/\/www.natureparif.fr\/\" target=\"_blank\" rel=\"noopener noreferrer\">Agence R\u00e9gionale de Biodiversit\u00e9 (ex-Natureparif)<\/a><\/p>\n<p><a href=\"http:\/\/www.driee.ile-de-france.developpement-durable.gouv.fr\/spip.php?page=sommaire\" target=\"_blank\" rel=\"noopener noreferrer\" class=\"broken_link\">Direction R\u00e9gionale de l&#8217;Environnement et de l\u2019\u00e9nergie (DRIEE)<\/a><\/p>\n<p><strong>Autres sites<\/strong><\/p>\n<p><a href=\"https:\/\/www.airparif.asso.fr\/indices\/indice-europeen-departement\/dep\/78\" target=\"_blank\" rel=\"noopener noreferrer\" class=\"broken_link\">Qualit\u00e9 de l&#8217;air dans les Yvelines (Airparif)<\/a><\/p>\n<p><strong>Quelques explications sur le r\u00f4le des diff\u00e9rents organismes et administrations<\/strong><\/p>\n<p><strong>DRIEE<\/strong> : La Direction R\u00e9gionale et Interd\u00e9partementale de l\u2019Environnement et de l\u2019\u00c9nergie d\u2019\u00cele-de-France (DRIEE ; <span style=\"display: inline !important; float: none; background-color: #ffffff; color: #303030; cursor: text; font-family: 'Titillium Web',Tahoma,Arial; font-size: 17.93px; font-style: normal; font-variant: normal; font-weight: 400; letter-spacing: normal; orphans: 2; text-align: left; text-decoration: none; text-indent: 0px; text-transform: none; -webkit-text-stroke-width: 0px; white-space: normal; word-spacing: 0px;\">elle est appel\u00e9e DREAL dans les autres r\u00e9gions de France<\/span>) est un service d\u00e9concentr\u00e9 du Minist\u00e8re en charge de l\u2019environnement. Elle met en \u0153uvre sous l\u2019autorit\u00e9 du pr\u00e9fet de la R\u00e9gion d\u2019\u00cele-de-France et des pr\u00e9fets de d\u00e9partement les politiques publiques en mati\u00e8re d\u2019Environnement et d\u2019\u00c9nergie, et en particulier celles relatives \u00e0 la transition \u00e9cologique. Elle intervient dans l\u2019ensemble des d\u00e9partements de la r\u00e9gion gr\u00e2ce \u00e0 ses unit\u00e9s d\u00e9partementales, pour les Yvelines l&#8217;UD78.<\/p>\n<p><strong>DDT<\/strong> : La Direction d\u00e9partementale des Territoires met en \u0153uvre dans le d\u00e9partement les politiques relatives \u00e0 la promotion du d\u00e9veloppement durable, au d\u00e9veloppement et \u00e0 l\u2019\u00e9quilibre des territoires urbains et ruraux gr\u00e2ce aux politiques agricole, d\u2019urbanisme, de logement, de construction et de transports, \u00e0 la pr\u00e9vention des risques naturels, aux d\u00e9placements et aux transports. Ses principales missions en lien avec l&#8217;environnement sont :<\/p>\n<ul>\n<li>l&#8217;urbanisme et droit des sols instruction de autorisations de construire, documents d&#8217;urbanisme (PLU, Scot),<\/li>\n<li>\u00a0am\u00e9nagement du territoire : \u00e9tudes territoriales, appui aux porteurs de projets,<\/li>\n<li>pr\u00e9vention des risques naturels et technologiques et \u00e9galement de la s\u00e9curit\u00e9 routi\u00e8re,<\/li>\n<li>politique agricole<\/li>\n<li>pr\u00e9servation de l&#8217;environnement : <span style=\"display: inline !important; float: none; background-color: #ffffff; color: #303030; cursor: text; font-family: 'Titillium Web',Tahoma,Arial; font-size: 17.93px; font-style: normal; font-variant: normal; font-weight: 400; letter-spacing: normal; orphans: 2; text-align: left; text-decoration: none; text-indent: 0px; text-transform: none; -webkit-text-stroke-width: 0px; white-space: normal; word-spacing: 0px;\">police de l\u2019eau et des milieux aquatiques, s\u00e9curisation de la ressource en eau, biodiversit\u00e9, contractualisation dans les zones \u00ab\u00a0Natura 2000\u00a0\u00bb, gestion des d\u00e9chets et des nuisances (notamment nuisances sonores des infrastructures de transport).<\/span><\/li>\n<\/ul>\n<p><strong>OFB<\/strong> : l&#8217;Office Fran\u00e7ais de la Biodiversit\u00e9 r\u00e9sulte de la fusion de l&#8217;AFB (Agence Fran\u00e7aise de la Biodiversit\u00e9, issue de l&#8217;ONEMA) et de l&#8217;ONCFS (Office National de la Chasse et de la Faune Sauvage). C&#8217;est un \u00e9tablissement public d\u00e9di\u00e9 \u00e0 la sauvegarde de la biodiversit\u00e9. Les missions de cet \u00e9tablissement sont les suivantes :<\/p>\n<ul>\n<li>la connaissance, la recherche et l\u2019expertise sur les esp\u00e8ces, les milieux et leurs usages,<\/li>\n<li>la police de l\u2019environnement et la police sanitaire de la faune sauvage,<\/li>\n<li>l\u2019appui \u00e0 la mise en \u0153uvre des politiques publiques,<\/li>\n<li>la gestion et l\u2019appui aux gestionnaires d\u2019espaces naturels,<\/li>\n<li>l\u2019appui aux acteurs et la mobilisation de la soci\u00e9t\u00e9.<\/li>\n<\/ul>\n<p><strong>Ae <\/strong>et<strong> <span style=\"text-align: left; color: #303030; text-transform: none; text-indent: 0px; letter-spacing: normal; font-family: 'Titillium Web',Tahoma,Arial; font-size: 17.93px; font-style: normal; font-variant: normal; text-decoration: none; word-spacing: 0px; display: inline !important; white-space: normal; cursor: text; orphans: 2; float: none; -webkit-text-stroke-width: 0px; background-color: #ffffff;\">MRAe<\/span><\/strong> : En France, l&#8217;autorit\u00e9 environnementale est exerc\u00e9e soit par l&#8217;Autorit\u00e9 environnementale du CGEDD (Minist\u00e8re) soit par les Missions R\u00e9gionales de l&#8217;Autorit\u00e9 environnementale. L&#8217;Ae donne des avis sur les \u00e9valuations des impacts des projets et programmes sur l\u2019environnement\u00a0; La MRAe donne son avis sur des documents d&#8217;urbanisme et sur des projets. Les avis de l&#8217;Ae et des MRAe sont disponibles sur les sites du minist\u00e8re et de la DRIEE (voir plus haut) et sont mis \u00e0 disposition du public dans le cadre des enqu\u00eates publiques.<\/p>\n<p><strong>CoDERST<\/strong> : Le Conseil D\u00e9partemental de l&#8217;Environnement et des Risques Sanitaires et Technologiques est\u00a0 charg\u00e9 d&#8217;\u00e9mettre un avis sur les projets\u00a0 en mati\u00e8re d&#8217;installations class\u00e9es, de d\u00e9chets, de protection de la qualit\u00e9 de l&#8217;air et de l&#8217;atmosph\u00e8re, de police de l&#8217;eau et des milieux aquatiques, de polices administratives sp\u00e9ciales li\u00e9es \u00e0 l&#8217;eau. Il est pr\u00e9sid\u00e9 par le Pr\u00e9fet et comprend des membres d&#8217;associations de d\u00e9fense de l&#8217;environnement.<\/p>\n<p><strong>OIN<\/strong> : Une Op\u00e9ration d&#8217;Int\u00e9r\u00eat National est une op\u00e9ration d&#8217;urbanisme \u00e0 laquelle s&#8217;applique un r\u00e9gime juridique particulier en raison de son int\u00e9r\u00eat majeur. L&#8217;\u00c9tat conserve dans ces zones la ma\u00eetrise de la politique d&#8217;urbanisme.\u00a0 Il y a deux OIN dans les Yvelines :<\/p>\n<ul>\n<li>Seine-Aval , coordonn\u00e9e par l\u2019\u00c9tablissement public d\u2019am\u00e9nagement Mantes-Seine Aval (EPAMSA)<\/li>\n<li>Paris Saclay, \u00e0 cheval sur 2 d\u00e9partements (l\u2019Essonne et les Yvelines)<\/li>\n<\/ul>\n","protected":false},"excerpt":{"rendered":"<p>Cette page a pour but de pr\u00e9senter un certain nombre de sites internent du d\u00e9partement (ou qui apportent des informations<\/p>\n","protected":false},"author":1,"featured_media":0,"parent":0,"menu_order":0,"comment_status":"closed","ping_status":"closed","template":"","meta":{"footnotes":""},"_links":{"self":[{"href":"https:\/\/fne-yvelines.org\/index.php\/wp-json\/wp\/v2\/pages\/98"}],"collection":[{"href":"https:\/\/fne-yvelines.org\/index.php\/wp-json\/wp\/v2\/pages"}],"about":[{"href":"https:\/\/fne-yvelines.org\/index.php\/wp-json\/wp\/v2\/types\/page"}],"author":[{"embeddable":true,"href":"https:\/\/fne-yvelines.org\/index.php\/wp-json\/wp\/v2\/users\/1"}],"replies":[{"embeddable":true,"href":"https:\/\/fne-yvelines.org\/index.php\/wp-json\/wp\/v2\/comments?post=98"}],"version-history":[{"count":65,"href":"https:\/\/fne-yvelines.org\/index.php\/wp-json\/wp\/v2\/pages\/98\/revisions"}],"predecessor-version":[{"id":701,"href":"https:\/\/fne-yvelines.org\/index.php\/wp-json\/wp\/v2\/pages\/98\/revisions\/701"}],"wp:attachment":[{"href":"https:\/\/fne-yvelines.org\/index.php\/wp-json\/wp\/v2\/media?parent=98"}],"curies":[{"name":"wp","href":"https:\/\/api.w.org\/{rel}","templated":true}]}}