{"id":96,"date":"2018-05-06T12:59:28","date_gmt":"2018-05-06T10:59:28","guid":{"rendered":"http:\/\/fne-yvelines.org\/?page_id=96"},"modified":"2020-03-23T08:57:09","modified_gmt":"2020-03-23T07:57:09","slug":"nos-actions","status":"publish","type":"page","link":"https:\/\/fne-yvelines.org\/index.php\/nos-actions\/","title":{"rendered":"Nos actions"},"content":{"rendered":"<p>&nbsp;<\/p>\n<p><strong>16 mars 2020<\/strong> : Article\u00a0 de <span style=\"display: inline !important; float: none; background-color: #ffffff; color: #303030; cursor: text; font-family: 'Titillium Web',Tahoma,Arial; font-size: 17.93px; font-style: normal; font-variant: normal; font-weight: 400; letter-spacing: normal; orphans: 2; text-align: left; text-decoration: none; text-indent: 0px; text-transform: none; -webkit-text-stroke-width: 0px; white-space: normal; word-spacing: 0px;\">Marie-Jos\u00e9 Rossi-Jaouen<\/span> (pr\u00e9sidente de l&#8217;association) <span style=\"display: inline !important; float: none; background-color: #ffffff; color: #303030; cursor: text; font-family: 'Titillium Web',Tahoma,Arial; font-size: 17.93px; font-style: normal; font-variant: normal; font-weight: 400; letter-spacing: normal; orphans: 2; text-align: left; text-decoration: none; text-indent: 0px; text-transform: none; -webkit-text-stroke-width: 0px; white-space: normal; word-spacing: 0px;\">sur le haras de Poissy<\/span> dans la revue Liaison de FNE IdF<\/p>\n<p><strong>14 mars 2020<\/strong> : Envoi d&#8217;un recours gracieux contre la d\u00e9cision d&#8217;adoption du PLUi de la communaut\u00e9 urbaine GPSEO dans le cadre de la lutte contre le projet de marina Bouygues \u00e0 Verneuil-sur-Seine<\/p>\n<p><strong>12 mars 2020<\/strong> : R\u00e9union du conseil d&#8217;administration de l&#8217;association<\/p>\n<p><strong>4 mars 2020<\/strong> : Interview de Marie-Jos\u00e9 Rossi-Jaouen <span style=\"display: inline !important; float: none; background-color: #ffffff; color: #303030; cursor: text; font-family: 'Titillium Web',Tahoma,Arial; font-size: 17.93px; font-style: normal; font-variant: normal; font-weight: 400; letter-spacing: normal; orphans: 2; text-align: left; text-decoration: none; text-indent: 0px; text-transform: none; -webkit-text-stroke-width: 0px; white-space: normal; word-spacing: 0px;\"> (pr\u00e9sidente de l&#8217;association) <\/span>dans le journal le Courrier des Yvelines au sujet du projet de haras de Poissy (plateau des Alluets)<\/p>\n<p><strong>24 janvier 2020<\/strong> : Participation \u00e0 la r\u00e9union organis\u00e9e \u00e0 Gargenville sur l&#8217;affaire de la fuite de p\u00e9trole du PLIF de la soci\u00e9t\u00e9 Total.<\/p>\n","protected":false},"excerpt":{"rendered":"<p>&nbsp; 16 mars 2020 : Article\u00a0 de Marie-Jos\u00e9 Rossi-Jaouen (pr\u00e9sidente de l&#8217;association) sur le haras de Poissy dans la revue<\/p>\n","protected":false},"author":1,"featured_media":0,"parent":0,"menu_order":0,"comment_status":"closed","ping_status":"closed","template":"","meta":{"footnotes":""},"_links":{"self":[{"href":"https:\/\/fne-yvelines.org\/index.php\/wp-json\/wp\/v2\/pages\/96"}],"collection":[{"href":"https:\/\/fne-yvelines.org\/index.php\/wp-json\/wp\/v2\/pages"}],"about":[{"href":"https:\/\/fne-yvelines.org\/index.php\/wp-json\/wp\/v2\/types\/page"}],"author":[{"embeddable":true,"href":"https:\/\/fne-yvelines.org\/index.php\/wp-json\/wp\/v2\/users\/1"}],"replies":[{"embeddable":true,"href":"https:\/\/fne-yvelines.org\/index.php\/wp-json\/wp\/v2\/comments?post=96"}],"version-history":[{"count":9,"href":"https:\/\/fne-yvelines.org\/index.php\/wp-json\/wp\/v2\/pages\/96\/revisions"}],"predecessor-version":[{"id":271,"href":"https:\/\/fne-yvelines.org\/index.php\/wp-json\/wp\/v2\/pages\/96\/revisions\/271"}],"wp:attachment":[{"href":"https:\/\/fne-yvelines.org\/index.php\/wp-json\/wp\/v2\/media?parent=96"}],"curies":[{"name":"wp","href":"https:\/\/api.w.org\/{rel}","templated":true}]}}