{"id":46,"date":"2018-05-04T16:10:14","date_gmt":"2018-05-04T14:10:14","guid":{"rendered":"http:\/\/fne-yvelines.org\/?page_id=46"},"modified":"2020-04-07T10:22:32","modified_gmt":"2020-04-07T08:22:32","slug":"associations-adherentes","status":"publish","type":"page","link":"https:\/\/fne-yvelines.org\/index.php\/qui-sommes-nous\/associations-adherentes\/","title":{"rendered":"Associations adh\u00e9rentes"},"content":{"rendered":"<p style=\"text-align: justify;\">FNE Yvelines a \u00e9t\u00e9 fond\u00e9e par les associations ou collectifs suivants : Sauvons les Yvelines, l&#8217;Union des Amis du Parc naturel r\u00e9gional, JADE, le CADEB et ADIV-Environnement.<\/p>\n<p>la liste des associations membres de FNE Yvelines est disponible sur le site de <a href=\"https:\/\/fne-idf.fr\/qui-sommes-nous-1\/le-reseau\/acces-par-departements\/yvelines\/joomlannuaire\/blog\/4-yvelines\" target=\"_blank\" rel=\"noopener noreferrer\" class=\"broken_link\">FNE Ile-de-France<\/a><\/p>\n<p>La carte suivante montre l&#8217;ensemble des associations membres de FNE Yvelines, soit directement soit par <span style=\"display: inline !important; float: none; background-color: #ffffff; color: #303030; cursor: text; font-family: 'Titillium Web',Tahoma,Arial; font-size: 17.93px; font-style: normal; font-variant: normal; font-weight: 400; letter-spacing: normal; orphans: 2; text-align: left; text-decoration: none; text-indent: 0px; text-transform: none; -webkit-text-stroke-width: 0px; white-space: normal; word-spacing: 0px;\">l&#8217;interm\u00e9diaire d&#8217;un collectif (cliquer sur la carte pour l&#8217;ouvrir dans Google Maps) :<\/span><\/p>\n<p><a href=\"https:\/\/drive.google.com\/open?id=1cmfAr0wuY8UFrPEW3SBi32OUhpCdqLkp&amp;usp=sharing\" target=\"_blank\" rel=\"noopener noreferrer\" class=\"broken_link\"><img loading=\"lazy\" decoding=\"async\" class=\"aligncenter wp-image-187 size-medium\" src=\"https:\/\/fne-yvelines.org\/wp-content\/uploads\/2020\/03\/carte-des-associations-277x300.jpg\" alt=\"\" width=\"277\" height=\"300\" srcset=\"https:\/\/fne-yvelines.org\/wp-content\/uploads\/2020\/03\/carte-des-associations-277x300.jpg 277w, https:\/\/fne-yvelines.org\/wp-content\/uploads\/2020\/03\/carte-des-associations.jpg 754w\" sizes=\"(max-width: 277px) 100vw, 277px\" \/><\/a><\/p>\n","protected":false},"excerpt":{"rendered":"<p>FNE Yvelines a \u00e9t\u00e9 fond\u00e9e par les associations ou collectifs suivants : Sauvons les Yvelines, l&#8217;Union des Amis du Parc<\/p>\n","protected":false},"author":1,"featured_media":0,"parent":26,"menu_order":3,"comment_status":"closed","ping_status":"closed","template":"","meta":{"footnotes":""},"_links":{"self":[{"href":"https:\/\/fne-yvelines.org\/index.php\/wp-json\/wp\/v2\/pages\/46"}],"collection":[{"href":"https:\/\/fne-yvelines.org\/index.php\/wp-json\/wp\/v2\/pages"}],"about":[{"href":"https:\/\/fne-yvelines.org\/index.php\/wp-json\/wp\/v2\/types\/page"}],"author":[{"embeddable":true,"href":"https:\/\/fne-yvelines.org\/index.php\/wp-json\/wp\/v2\/users\/1"}],"replies":[{"embeddable":true,"href":"https:\/\/fne-yvelines.org\/index.php\/wp-json\/wp\/v2\/comments?post=46"}],"version-history":[{"count":19,"href":"https:\/\/fne-yvelines.org\/index.php\/wp-json\/wp\/v2\/pages\/46\/revisions"}],"predecessor-version":[{"id":524,"href":"https:\/\/fne-yvelines.org\/index.php\/wp-json\/wp\/v2\/pages\/46\/revisions\/524"}],"up":[{"embeddable":true,"href":"https:\/\/fne-yvelines.org\/index.php\/wp-json\/wp\/v2\/pages\/26"}],"wp:attachment":[{"href":"https:\/\/fne-yvelines.org\/index.php\/wp-json\/wp\/v2\/media?parent=46"}],"curies":[{"name":"wp","href":"https:\/\/api.w.org\/{rel}","templated":true}]}}