{"id":454,"date":"2020-03-31T18:09:09","date_gmt":"2020-03-31T16:09:09","guid":{"rendered":"http:\/\/fne-yvelines.org\/?page_id=454"},"modified":"2020-04-08T20:48:27","modified_gmt":"2020-04-08T18:48:27","slug":"biodiversite","status":"publish","type":"page","link":"https:\/\/fne-yvelines.org\/index.php\/biodiversite\/","title":{"rendered":"Biodiversit\u00e9"},"content":{"rendered":"<p>Le d\u00e9partement des Yvelines est un vaste d\u00e9partement qui a gard\u00e9, en dehors de certaines zones urbanis\u00e9es, un caract\u00e8re rural et pr\u00e9serv\u00e9. L\u2019agriculture occupe pr\u00e8s de la moiti\u00e9 de la surface et les bois environ 30%, avec notamment de grands massifs forestiers comme massif de Rambouillet, deuxi\u00e8me massifs le plus vaste de la r\u00e9gion apr\u00e8s celui de Fontainebleau. On trouve \u00e9galement de grands massifs issus des anciennes for\u00eats royales : Marly, Saint-Germain-en-Laye et Versailles.<\/p>\r\n<p>Deux grands p\u00f4les de biodiversit\u00e9 concentrent la majeure partie des zones prot\u00e9g\u00e9es sur des ensembles g\u00e9ographiques tr\u00e8s marqu\u00e9s au sein du d\u00e9partement\u00a0:<\/p>\r\n<ul>\r\n<li>la basse Vall\u00e9e de la Seine avec ses coteaux et pelouses calcaires, ses boisements thermophiles et ses terrasses alluviales\u00a0;<\/li>\r\n<li>le Massif de Rambouillet avec son ensemble de milieux oligotrophes* plus ou moins bois\u00e9s et ses zones humides. Un second ensemble beaucoup plus fragment\u00e9 est constitu\u00e9 par le sommet des buttes bois\u00e9es\u00a0: Meudon, Marly-les Alluets, l\u2019Hautil et les Buttes du Vexin avec des milieux bois\u00e9s oligotrophes de pente.<\/li>\r\n<\/ul>\r\n<p>Avec des enjeux moindres, on peut noter \u00e9galement la vall\u00e9e de la Seine en amont avec plusieurs zones de terrasses alluviales, la for\u00eat de Saint-Germain-en-Laye et la moyenne vall\u00e9e de la Mauldre avec ses coteaux et boisements thermophiles.<\/p>\r\n<p><strong>Cette richesse du d\u00e9partement des Yvelines est attest\u00e9es par de nombreux inventaires et protections :<\/strong>\u00a0<\/p>\r\n<p><strong>Les Parcs Naturels R\u00e9gionaux<\/strong><\/p>\r\n<p>Le d\u00e9partement compte deux parcs naturels\u00a0r\u00e9gionaux\u00a0: le <a href=\"https:\/\/inpn.mnhn.fr\/espace\/protege\/FR8000017\" target=\"_blank\" rel=\"noopener noreferrer\">Parc R\u00e9gional de la Haute-Vall\u00e9e de Chevreuse<\/a> (en partie dans l&#8217;Essonne) et le <a href=\"https:\/\/inpn.mnhn.fr\/espace\/protege\/FR8000030\" target=\"_blank\" rel=\"noopener noreferrer\">Parc R\u00e9gional du Vexin Fran\u00e7ais<\/a> (en grande partie dans le Val d\u2019Oise).<\/p>\r\n<p><strong>Deux R\u00e9serves naturelles nationales\u00a0:<\/strong><\/p>\r\n<ul>\r\n<li><a href=\"http:\/\/www.reserves-naturelles.org\/saint-quentin-en-yvelines\" target=\"_blank\" rel=\"noopener noreferrer\" class=\"broken_link\">Saint-Quentin-en-Yvelines<\/a><\/li>\r\n<li><a href=\"http:\/\/www.reserves-naturelles.org\/coteaux-de-la-seine\" target=\"_blank\" rel=\"noopener noreferrer\">Coteaux de la Seine (en grande partie dans le Val-d\u2019Oise)<\/a><\/li>\r\n<\/ul>\r\n<p><strong>Quatre R\u00e9serves naturelles r\u00e9gionales <\/strong><\/p>\r\n<ul>\r\n<li><a href=\"https:\/\/inpn.mnhn.fr\/espace\/protege\/FR8000030\" target=\"_blank\" rel=\"noopener noreferrer\">Boucle de Moisson<\/a><\/li>\r\n<li><a href=\"http:\/\/www.reserves-naturelles.org\/etangs-de-bonnelles\" target=\"_blank\" rel=\"noopener noreferrer\">\u00c9tangs de Bonnelles<\/a><\/li>\r\n<li><a href=\"http:\/\/www.reserves-naturelles.org\/site-geologique-de-limay\" target=\"_blank\" rel=\"noopener noreferrer\">Site g\u00e9ologique de Limay<\/a><\/li>\r\n<li><a href=\"http:\/\/www.reserves-naturelles.org\/val-et-coteau-de-saint-remy\" target=\"_blank\" rel=\"noopener noreferrer\">Val et coteau de Saint-R\u00e9my<\/a><\/li>\r\n<\/ul>\r\n<p><b>Un arr\u00eat\u00e9 de protection de Biotope<\/b><\/p>\r\n<ul>\r\n<li><a href=\"https:\/\/inpn.mnhn.fr\/espace\/protege\/FR3800005\" target=\"_blank\" rel=\"noopener noreferrer\"><b><\/b>Bout du Monde<\/a> \u00e0 Ep\u00f4ne<\/li>\r\n<\/ul>\r\n<p><b>Des sites inscrits au titre de la Directive Habitats (ZSC, SIC, PSIC) et les sites inscrits au titre de la Directive Oiseaux (ZPS) :<\/b><\/p>\r\n<p>Les 6 zones sp\u00e9ciales de conservation (ZSC) \u2013 Directive \u00ab HABITAT \u00bb sont :<\/p>\r\n<ul>\r\n<li>Coteaux et boucles de la Seine ;<\/li>\r\n<li>For\u00eat de Rambouillet ;<\/li>\r\n<li>Tourbi\u00e8res et prairies tourbeuses de la for\u00eat d\u2019Yveline ;<\/li>\r\n<li>Carri\u00e8re de Guerville ;<\/li>\r\n<li>Vall\u00e9e de l\u2019Epte francilienne et ses affluents ;<\/li>\r\n<li>Chiropt\u00e8res du Vexin fran\u00e7ais.<\/li>\r\n<\/ul>\r\n<p>Les 3 zones de protection sp\u00e9ciales (ZPS) \u2013 Directive \u00ab OISEAUX \u00bb sont :<\/p>\r\n<ul>\r\n<li>\u00c9tang de Saint Quentin ;<\/li>\r\n<li>For\u00eat de Rambouillet ;<\/li>\r\n<li>Boucles de Moisson, de Guernes et de Rosny.<\/li>\r\n<\/ul>\r\n<figure id=\"attachment_565\" aria-describedby=\"caption-attachment-565\" style=\"width: 616px\" class=\"wp-caption aligncenter\"><img loading=\"lazy\" decoding=\"async\" class=\"wp-image-565 size-full\" src=\"https:\/\/fne-yvelines.org\/wp-content\/uploads\/2020\/04\/carte-des-protections.png\" alt=\"\" width=\"616\" height=\"504\" srcset=\"https:\/\/fne-yvelines.org\/wp-content\/uploads\/2020\/04\/carte-des-protections.png 616w, https:\/\/fne-yvelines.org\/wp-content\/uploads\/2020\/04\/carte-des-protections-300x245.png 300w\" sizes=\"(max-width: 616px) 100vw, 616px\" \/><figcaption id=\"caption-attachment-565\" class=\"wp-caption-text\">Carte des sites inscrits au titre de la Directive Habitats et de la Directive Oiseaux<\/figcaption><\/figure>\r\n<p>&nbsp;<\/p>\r\n<p><strong>Les Zones Naturelles d&#8217;Int\u00e9r\u00eat Ecologique, floristique et Faunistique (ZNIEFF)<\/strong><\/p>\r\n<p>Elles ne constituent pas des protections en soit mais sont un outil de connaissance du territoire, bas\u00e9 sur l\u2019expertise de naturalistes et de scientifiques. De fait, la grande majorit\u00e9 des p\u00e9rim\u00e8tres de protections d\u00e9cid\u00e9s ult\u00e9rieurement, sont initialement inclus dans des ZNIEFF.<\/p>\r\n<p>On distingue deux types de ZNIEFF\u00a0:<\/p>\r\n<ul>\r\n<li>le type II, correspond \u00e0 de grands ensembles naturels suffisamment riches et peu modifi\u00e9s. Ce type de ZNIEFF englobe majoritairement les grandes for\u00eat domaniales comme le massif de Rambouillet, les for\u00eats de Marly, de Saint-Germain, de Rosny ainsi que des grands entit\u00e9s g\u00e9ographiques comme les boucles de Guernes et de Moisson, les buttes du Vexin et les vall\u00e9es amont de la Bi\u00e8vre, du Rhodon, de l\u2019Yvette, de l\u2019Orge et de la Mauldre.<\/li>\r\n<li>le type I, cible des habitats ou des esp\u00e8ces remarquables au niveau r\u00e9gional. Ces p\u00e9rim\u00e8tres sont concentr\u00e9s de mani\u00e8re plus pr\u00e9cise sur des enjeux particuliers. Beaucoup de ZNIEFF de type I sont incluses dans des ZNIEFF de type II.<\/li>\r\n<\/ul>\r\n<p>L\u2019ensemble des ZNIEFF recouvre environ 65 000 ha soit 28 % du territoire des Yvelines.<\/p>\r\n<figure id=\"attachment_566\" aria-describedby=\"caption-attachment-566\" style=\"width: 393px\" class=\"wp-caption aligncenter\"><img loading=\"lazy\" decoding=\"async\" class=\"wp-image-566 size-full\" src=\"https:\/\/fne-yvelines.org\/wp-content\/uploads\/2020\/04\/carte-des-ZNIEFF.png\" alt=\"\" width=\"393\" height=\"475\" srcset=\"https:\/\/fne-yvelines.org\/wp-content\/uploads\/2020\/04\/carte-des-ZNIEFF.png 393w, https:\/\/fne-yvelines.org\/wp-content\/uploads\/2020\/04\/carte-des-ZNIEFF-248x300.png 248w\" sizes=\"(max-width: 393px) 100vw, 393px\" \/><figcaption id=\"caption-attachment-566\" class=\"wp-caption-text\">Carte des ZNIEFF et zones Natura 2000<\/figcaption><\/figure>\r\n<p>&nbsp;<\/p>\r\n<p><strong>Les rivi\u00e8res<\/strong><\/p>\r\n<p>Les rivi\u00e8res sont trait\u00e9es dans la <a href=\"https:\/\/fne-yvelines.org\/index.php\/leau-dans-les-yvelines\/\" target=\"_blank\" rel=\"noopener noreferrer\">Th\u00e9matique Eau<\/a>\u00a0 mais on peut citer les vall\u00e9es pr\u00e9serv\u00e9es de la Mauldre, de la Vaucouleurs et de l\u2019Epte avec leur diversit\u00e9 d\u2019habitats allant des boisements alluviaux aux coteaux calcaires et qui abritent de nombreuses esp\u00e8ces patrimoniales.<\/p>\r\n<p><strong>La g\u00e9ologie<\/strong><\/p>\r\n<p>Enfin du point de vue g\u00e9ologique, citons :<\/p>\r\n<ul>\r\n<li><a href=\"https:\/\/inpn.mnhn.fr\/espace\/protege\/FR4600001\" target=\"_blank\" rel=\"noopener noreferrer\">Site D&#8217;Int\u00e9r\u00eat G\u00e9ologique De La Ferme De L&#8217;Orme<\/a> \u00e0 Beynes<\/li>\r\n<li><a href=\"https:\/\/inpn.mnhn.fr\/espace\/protege\/FR4600002\" target=\"_blank\" rel=\"noopener noreferrer\">Site D&#8217;Int\u00e9r\u00eat G\u00e9ologique Du Domaine De Grignon<\/a> \u00e0 Thiverval-Grignon<\/li>\r\n<\/ul>\r\n<p>Toute ces protections de sites sont r\u00e9pertori\u00e9es sur le site de l&#8217;<a href=\"https:\/\/inpn.mnhn.fr\/accueil\/index\" target=\"_blank\" rel=\"noopener noreferrer\">INPN<\/a> (Inventaire National du Patrimoine Naturel). On les trouve aussi sur le site <a href=\"https:\/\/www.geoportail.gouv.fr\/\" target=\"_blank\" rel=\"noopener noreferrer\">Geoportail<\/a>.<\/p>\r\n<p><strong>Les esp\u00e8ces embl\u00e9matiques du territoire<\/strong><\/p>\r\n<ul>\r\n<li>Le Cerf \u00e9laphe (<em>Cervus elpahus<\/em>) est un mammif\u00e8re embl\u00e9matique de nos for\u00eats mais il a besoin de vastes espaces \u00e0 dominantes foresti\u00e8res pour vivre mais aussi des continuit\u00e9s \u00e9cologiques fonctionnelles pour permettre un brassage de ses populations. Dans les Yvelines l\u2019esp\u00e8ce est pr\u00e9sente de Rochefort-en-Yvelines au sud jusqu\u2019\u00e0 l\u2019autoroute A13 au nord, bien que ses noyaux de populations reproductrices soient situ\u00e9s au c\u0153ur du massif de Rambouillet. Il a compl\u00e8tement disparu des massifs forestiers plus petits et des abords des grands centres urbains. Comme la plupart des ongul\u00e9s sauvages, le r\u00f4le \u00e9cologique du Cerf est important pour le maintien des milieux ouverts (prairies, clairi\u00e8res\u2026).<\/li>\r\n<\/ul>\r\n<figure id=\"attachment_568\" aria-describedby=\"caption-attachment-568\" style=\"width: 983px\" class=\"wp-caption aligncenter\"><img loading=\"lazy\" decoding=\"async\" class=\"wp-image-568 size-full\" src=\"https:\/\/fne-yvelines.org\/wp-content\/uploads\/2020\/04\/cerf.png\" alt=\"\" width=\"983\" height=\"656\" srcset=\"https:\/\/fne-yvelines.org\/wp-content\/uploads\/2020\/04\/cerf.png 983w, https:\/\/fne-yvelines.org\/wp-content\/uploads\/2020\/04\/cerf-300x200.png 300w, https:\/\/fne-yvelines.org\/wp-content\/uploads\/2020\/04\/cerf-768x513.png 768w, https:\/\/fne-yvelines.org\/wp-content\/uploads\/2020\/04\/cerf-120x80.png 120w\" sizes=\"(max-width: 983px) 100vw, 983px\" \/><figcaption id=\"caption-attachment-568\" class=\"wp-caption-text\">Cerf \u00e9laphe (Cervus elpahus). Photo wikip\u00e9dia<\/figcaption><\/figure>\r\n<ul>\r\n<li>La Chouette chev\u00eache (<em>Athena noctua<\/em>) est un rapace nocturne typique des paysages bocagers pr\u00e9sentant une mixit\u00e9 d\u2019habitats de champs, p\u00e2tures, prairies, haies et vieux vergers. La pr\u00e9sence de cavit\u00e9s est n\u00e9cessaire \u00e0 sa reproduction c\u2019est pourquoi on l\u2019a trouvait principalement dans les vieux vergers. Leur forte r\u00e9gression force l\u2019esp\u00e8ce \u00e0 pr\u00e9f\u00e9rer aujourd\u2019hui le b\u00e2ti comme les fermes ou les nichoirs install\u00e9s par l\u2019homme. Dans les Yvelines, elle est principalement pr\u00e9sente dans la partie ouest du territoire autour du massif de Rambouillet, le Houdanais et autour de la vall\u00e9e de la Vaucouleurs.<\/li>\r\n<\/ul>\r\n<figure id=\"attachment_569\" aria-describedby=\"caption-attachment-569\" style=\"width: 300px\" class=\"wp-caption aligncenter\"><img loading=\"lazy\" decoding=\"async\" class=\"wp-image-569 size-full\" src=\"https:\/\/fne-yvelines.org\/wp-content\/uploads\/2020\/04\/cheveche.jpg\" alt=\"\" width=\"300\" height=\"300\" srcset=\"https:\/\/fne-yvelines.org\/wp-content\/uploads\/2020\/04\/cheveche.jpg 300w, https:\/\/fne-yvelines.org\/wp-content\/uploads\/2020\/04\/cheveche-150x150.jpg 150w\" sizes=\"(max-width: 300px) 100vw, 300px\" \/><figcaption id=\"caption-attachment-569\" class=\"wp-caption-text\">Chouette chev\u00eache (Athena noctua). Photo Oiseaux.net<\/figcaption><\/figure>\r\n<ul>\r\n<li>L\u2019Oedicn\u00e8me criard (<em>Burhinus oedicnemus<\/em>) est un oiseau des milieux steppiques \u00e0 tendance thermophiles. Tr\u00e8s mim\u00e9tique il affectionne les terrains caillouteux \u00e0 la v\u00e9g\u00e9tation rase comme les landes, les prairies s\u00e8ches, les cultures basses, les friches ou m\u00eame les anciennes gravi\u00e8res ou sabli\u00e8res. Dans les Yvelines c\u2019est un oiseau typique de la vall\u00e9e de la Seine o\u00f9 il est pr\u00e9sent des landes de la boucle de Moisson aux anciennes carri\u00e8res de la boucle de Chanteloup. Nombre de ces habitats sont des milieux de transition dont la p\u00e9rennit\u00e9 n\u2019est pas garantie. L\u2019enfrichement de ses habitats et les projets d\u2019am\u00e9nagements sont les principales menaces sur l\u2019esp\u00e8ce dans la vall\u00e9e de la Seine.<\/li>\r\n<\/ul>\r\n<figure id=\"attachment_570\" aria-describedby=\"caption-attachment-570\" style=\"width: 300px\" class=\"wp-caption aligncenter\"><img loading=\"lazy\" decoding=\"async\" class=\"wp-image-570 size-full\" src=\"https:\/\/fne-yvelines.org\/wp-content\/uploads\/2020\/04\/oedicn\u00e8me.jpg\" alt=\"\" width=\"300\" height=\"300\" srcset=\"https:\/\/fne-yvelines.org\/wp-content\/uploads\/2020\/04\/oedicn\u00e8me.jpg 300w, https:\/\/fne-yvelines.org\/wp-content\/uploads\/2020\/04\/oedicn\u00e8me-150x150.jpg 150w\" sizes=\"(max-width: 300px) 100vw, 300px\" \/><figcaption id=\"caption-attachment-570\" class=\"wp-caption-text\">\u0152dicn\u00e8me criard (Burhinus oedicnemus). Photo Oiseaux.net<\/figcaption><\/figure>\r\n","protected":false},"excerpt":{"rendered":"<p>Le d\u00e9partement des Yvelines est un vaste d\u00e9partement qui a gard\u00e9, en dehors de certaines zones urbanis\u00e9es, un caract\u00e8re rural<\/p>\n","protected":false},"author":1,"featured_media":0,"parent":0,"menu_order":0,"comment_status":"closed","ping_status":"closed","template":"","meta":{"footnotes":""},"_links":{"self":[{"href":"https:\/\/fne-yvelines.org\/index.php\/wp-json\/wp\/v2\/pages\/454"}],"collection":[{"href":"https:\/\/fne-yvelines.org\/index.php\/wp-json\/wp\/v2\/pages"}],"about":[{"href":"https:\/\/fne-yvelines.org\/index.php\/wp-json\/wp\/v2\/types\/page"}],"author":[{"embeddable":true,"href":"https:\/\/fne-yvelines.org\/index.php\/wp-json\/wp\/v2\/users\/1"}],"replies":[{"embeddable":true,"href":"https:\/\/fne-yvelines.org\/index.php\/wp-json\/wp\/v2\/comments?post=454"}],"version-history":[{"count":37,"href":"https:\/\/fne-yvelines.org\/index.php\/wp-json\/wp\/v2\/pages\/454\/revisions"}],"predecessor-version":[{"id":581,"href":"https:\/\/fne-yvelines.org\/index.php\/wp-json\/wp\/v2\/pages\/454\/revisions\/581"}],"wp:attachment":[{"href":"https:\/\/fne-yvelines.org\/index.php\/wp-json\/wp\/v2\/media?parent=454"}],"curies":[{"name":"wp","href":"https:\/\/api.w.org\/{rel}","templated":true}]}}