{"id":416,"date":"2020-03-29T17:13:29","date_gmt":"2020-03-29T15:13:29","guid":{"rendered":"http:\/\/fne-yvelines.org\/?page_id=416"},"modified":"2020-03-29T17:33:59","modified_gmt":"2020-03-29T15:33:59","slug":"sentinelle-de-lenvironnement","status":"publish","type":"page","link":"https:\/\/fne-yvelines.org\/index.php\/sentinelle-de-lenvironnement\/","title":{"rendered":"Sentinelles de la Nature"},"content":{"rendered":"<p>&nbsp;<\/p>\n<p>&nbsp;<\/p>\n<p><a href=\"https:\/\/sentinellesdelanature.fr\/\" target=\"_blank\" rel=\"noopener noreferrer\"><img loading=\"lazy\" decoding=\"async\" class=\"alignleft wp-image-428 size-medium\" src=\"https:\/\/fne-yvelines.org\/wp-content\/uploads\/2020\/03\/sentinelles-de-la-nature-300x126.jpg\" alt=\"\" width=\"300\" height=\"126\" srcset=\"https:\/\/fne-yvelines.org\/wp-content\/uploads\/2020\/03\/sentinelles-de-la-nature-300x126.jpg 300w, https:\/\/fne-yvelines.org\/wp-content\/uploads\/2020\/03\/sentinelles-de-la-nature.jpg 454w\" sizes=\"(max-width: 300px) 100vw, 300px\" \/><\/a><\/p>\n<p><strong>Signaler un d\u00e9boisement, un amonc\u00e8lement de d\u00e9chets dans un espace naturel ou une pollution d\u2019un cours d\u2019eau devient possible en Ile-de-France gr\u00e2ce \u00e0 l\u2019adh\u00e9sion de FNE Ile-de-France au dispositif\u00a0<i>Sentinelles de la Nature<\/i>.<\/strong><\/p>\n<p><em>Sentinelles de la Nature<\/em>, c\u2019est une interface cartographique num\u00e9rique &#8211; accessible sur le site <a href=\"https:\/\/sentinellesdelanature.fr\/\" target=\"_blank\" rel=\"noopener noreferrer\"><strong>sentinellesdelanature.fr<\/strong><\/a> ou en t\u00e9l\u00e9chargeant l\u2019application du m\u00eame nom (disponible sur Google Play et Apple Store) \u2013 qui permet de localiser et de signaler sur un territoire les atteintes \u00e0 l\u2019environnement (d\u00e9p\u00f4t sauvage, \u00e9pandage, p\u00eache ill\u00e9gale, etc.) ou les initiatives qui lui sont favorables (nettoyage d\u2019une for\u00eat, jardins partag\u00e9s, etc.). Tout internaute peut donc saisir, dans le champ \u00ab\u00a0Signalement\u00a0\u00bb, les informations relatives \u00e0 son observation (localisation, th\u00e8me \u2013 Eau, Air, Vivant, Sol, \u00e9clairage \u2013 le milieu concern\u00e9, etc.), et ajouter des photos ou documents pour la d\u00e9tailler. Il devient alors Sentinelle. Les informations sont transmises aux r\u00e9f\u00e9rents associatifs du territoire concern\u00e9 pour traitement.<\/p>\n","protected":false},"excerpt":{"rendered":"<p>&nbsp; &nbsp; Signaler un d\u00e9boisement, un amonc\u00e8lement de d\u00e9chets dans un espace naturel ou une pollution d\u2019un cours d\u2019eau devient<\/p>\n","protected":false},"author":1,"featured_media":0,"parent":0,"menu_order":0,"comment_status":"closed","ping_status":"closed","template":"","meta":{"footnotes":""},"_links":{"self":[{"href":"https:\/\/fne-yvelines.org\/index.php\/wp-json\/wp\/v2\/pages\/416"}],"collection":[{"href":"https:\/\/fne-yvelines.org\/index.php\/wp-json\/wp\/v2\/pages"}],"about":[{"href":"https:\/\/fne-yvelines.org\/index.php\/wp-json\/wp\/v2\/types\/page"}],"author":[{"embeddable":true,"href":"https:\/\/fne-yvelines.org\/index.php\/wp-json\/wp\/v2\/users\/1"}],"replies":[{"embeddable":true,"href":"https:\/\/fne-yvelines.org\/index.php\/wp-json\/wp\/v2\/comments?post=416"}],"version-history":[{"count":9,"href":"https:\/\/fne-yvelines.org\/index.php\/wp-json\/wp\/v2\/pages\/416\/revisions"}],"predecessor-version":[{"id":429,"href":"https:\/\/fne-yvelines.org\/index.php\/wp-json\/wp\/v2\/pages\/416\/revisions\/429"}],"wp:attachment":[{"href":"https:\/\/fne-yvelines.org\/index.php\/wp-json\/wp\/v2\/media?parent=416"}],"curies":[{"name":"wp","href":"https:\/\/api.w.org\/{rel}","templated":true}]}}