{"id":41,"date":"2018-05-04T15:58:24","date_gmt":"2018-05-04T13:58:24","guid":{"rendered":"http:\/\/fne-yvelines.org\/?page_id=41"},"modified":"2023-02-18T17:44:36","modified_gmt":"2023-02-18T16:44:36","slug":"les-statuts","status":"publish","type":"page","link":"https:\/\/fne-yvelines.org\/index.php\/qui-sommes-nous\/les-statuts\/","title":{"rendered":"Les statuts de l&#8217;association"},"content":{"rendered":"<p>Statuts de FNE Yvelines approuv\u00e9s lors de l&#8217;assembl\u00e9e constitutive du 29 juin 2016 :<\/p>\n<p><a href=\"https:\/\/fne-yvelines.org\/wp-content\/uploads\/2018\/05\/2016_06_29_Statuts-de-FNE-Yvelines-sign\u00e9s-en-date-du-29-juin-20168.pdf\" target=\"_blank\" rel=\"noopener noreferrer\">2016_06_29_Statuts de FNE Yvelines sign\u00e9s en date du 29 juin 2016<\/a><\/p>\n<p>Ci-dessous la charte f\u00e9d\u00e9rale de France Nature Environnement adopt\u00e9e lors de l&#8217;assembl\u00e9e g\u00e9n\u00e9rale de 2022 :<\/p>\n<p><a href=\"https:\/\/fne-yvelines.org\/wp-content\/uploads\/2023\/02\/Charte-Federale-FNE-AG2022.pdf\" target=\"_blank\" rel=\"noopener\">Charte f\u00e9d\u00e9rale de France Nature Environnement<\/a><\/p>\n<p>&nbsp;<\/p>\n<p>&nbsp;<\/p>\n","protected":false},"excerpt":{"rendered":"<p>Statuts de FNE Yvelines approuv\u00e9s lors de l&#8217;assembl\u00e9e constitutive du 29 juin 2016 : 2016_06_29_Statuts de FNE Yvelines sign\u00e9s en<\/p>\n","protected":false},"author":1,"featured_media":0,"parent":26,"menu_order":0,"comment_status":"closed","ping_status":"closed","template":"","meta":{"footnotes":""},"_links":{"self":[{"href":"https:\/\/fne-yvelines.org\/index.php\/wp-json\/wp\/v2\/pages\/41"}],"collection":[{"href":"https:\/\/fne-yvelines.org\/index.php\/wp-json\/wp\/v2\/pages"}],"about":[{"href":"https:\/\/fne-yvelines.org\/index.php\/wp-json\/wp\/v2\/types\/page"}],"author":[{"embeddable":true,"href":"https:\/\/fne-yvelines.org\/index.php\/wp-json\/wp\/v2\/users\/1"}],"replies":[{"embeddable":true,"href":"https:\/\/fne-yvelines.org\/index.php\/wp-json\/wp\/v2\/comments?post=41"}],"version-history":[{"count":7,"href":"https:\/\/fne-yvelines.org\/index.php\/wp-json\/wp\/v2\/pages\/41\/revisions"}],"predecessor-version":[{"id":757,"href":"https:\/\/fne-yvelines.org\/index.php\/wp-json\/wp\/v2\/pages\/41\/revisions\/757"}],"up":[{"embeddable":true,"href":"https:\/\/fne-yvelines.org\/index.php\/wp-json\/wp\/v2\/pages\/26"}],"wp:attachment":[{"href":"https:\/\/fne-yvelines.org\/index.php\/wp-json\/wp\/v2\/media?parent=41"}],"curies":[{"name":"wp","href":"https:\/\/api.w.org\/{rel}","templated":true}]}}