{"id":385,"date":"2020-03-28T17:08:30","date_gmt":"2020-03-28T16:08:30","guid":{"rendered":"http:\/\/fne-yvelines.org\/?page_id=385"},"modified":"2020-04-04T16:10:09","modified_gmt":"2020-04-04T14:10:09","slug":"gestion-des-dechets","status":"publish","type":"page","link":"https:\/\/fne-yvelines.org\/index.php\/gestion-des-dechets\/","title":{"rendered":"Gestion des d\u00e9chets"},"content":{"rendered":"<p><strong>Quelques rep\u00e8res sur les d\u00e9chets :<\/strong><\/p>\n<p>En France, chaque habitant produit environ 360 kg de d\u00e9chets par an (hors d\u00e9chets d\u00e9pos\u00e9s en d\u00e9ch\u00e8terie). Si on compte l&#8217;ensemble des d\u00e9chets produits en France dans tous les secteurs (BTP, Agriculture, Industrie), on arrive \u00e0 14 tonnes par habitant.<\/p>\n<p>M\u00eame si les comportements ont plut\u00f4t \u00e9volu\u00e9s dans le bon sens ces derni\u00e8res ann\u00e9es,\u00a0 chacun d&#8217;entre nous peut aller beaucoup plus loin en r\u00e9duisant sa quantit\u00e9 de d\u00e9chet,s en limitant les emballages, en r\u00e9duisant notre consommation d&#8217;objets jetables ou inutiles et en essayant de r\u00e9parer les objets avant de les jeter.<\/p>\n<p>Il existe de nombreux livres et documents montrant comment une famille peut diminuer les d\u00e9chets ; nous vous proposons le <a href=\"https:\/\/colibris-universite.org\/formation\/mooc-zero-dechet\" target=\"_blank\" rel=\"noopener noreferrer\">MOOC<\/a> du Mouvement Colibris qui explique comment mettre en \u0153uvre progressivement une r\u00e9duction de nos d\u00e9chets.<\/p>\n<p><strong>Les d\u00e9chets dans les Yvelines<\/strong><\/p>\n<p>Vu les diff\u00e9rentes natures et les volumes de d\u00e9chets, la question est complexe. Un<a href=\"http:\/\/www.spi-vds.org\/medias\/publications\/les_dechets_definition_gestion_collecte_traitement_responsabilites_police_speciale.pdf\" target=\"_blank\" rel=\"noopener noreferrer\" class=\"broken_link\"> document du SPI Vall\u00e9e de Seine<\/a> montre les divers aspects de cette question.<\/p>\n<p>Suite de l&#8217;article \u00e0 venir<\/p>\n<p>&nbsp;<\/p>\n<p>&nbsp;<\/p>\n","protected":false},"excerpt":{"rendered":"<p>Quelques rep\u00e8res sur les d\u00e9chets : En France, chaque habitant produit environ 360 kg de d\u00e9chets par an (hors d\u00e9chets<\/p>\n","protected":false},"author":1,"featured_media":0,"parent":0,"menu_order":0,"comment_status":"closed","ping_status":"closed","template":"","meta":{"footnotes":""},"_links":{"self":[{"href":"https:\/\/fne-yvelines.org\/index.php\/wp-json\/wp\/v2\/pages\/385"}],"collection":[{"href":"https:\/\/fne-yvelines.org\/index.php\/wp-json\/wp\/v2\/pages"}],"about":[{"href":"https:\/\/fne-yvelines.org\/index.php\/wp-json\/wp\/v2\/types\/page"}],"author":[{"embeddable":true,"href":"https:\/\/fne-yvelines.org\/index.php\/wp-json\/wp\/v2\/users\/1"}],"replies":[{"embeddable":true,"href":"https:\/\/fne-yvelines.org\/index.php\/wp-json\/wp\/v2\/comments?post=385"}],"version-history":[{"count":12,"href":"https:\/\/fne-yvelines.org\/index.php\/wp-json\/wp\/v2\/pages\/385\/revisions"}],"predecessor-version":[{"id":504,"href":"https:\/\/fne-yvelines.org\/index.php\/wp-json\/wp\/v2\/pages\/385\/revisions\/504"}],"wp:attachment":[{"href":"https:\/\/fne-yvelines.org\/index.php\/wp-json\/wp\/v2\/media?parent=385"}],"curies":[{"name":"wp","href":"https:\/\/api.w.org\/{rel}","templated":true}]}}