{"id":36,"date":"2018-05-04T15:46:25","date_gmt":"2018-05-04T13:46:25","guid":{"rendered":"http:\/\/fne-yvelines.org\/?page_id=36"},"modified":"2023-07-05T14:25:47","modified_gmt":"2023-07-05T12:25:47","slug":"lequipe","status":"publish","type":"page","link":"https:\/\/fne-yvelines.org\/index.php\/qui-sommes-nous\/lequipe\/","title":{"rendered":"L&#8217;\u00e9quipe de FNE Yvelines"},"content":{"rendered":"<div><span style=\"color: #ffffff;\">.<\/span><\/div>\n<div><strong>Bureau<\/strong><\/div>\n<div>Pr\u00e9sidente : Marie-Jos\u00e9 Rossi-Jaouen<\/div>\n<div>Pr\u00e9sident d&#8217;honneur : Marc R\u00e9mond<br \/>\nVice-pr\u00e9sidents : <span style=\"font-size: 1.125rem;\"><span style=\"font-size: 1.125rem;\">Jean-Pierre Grenier, <\/span><\/span><span style=\"font-size: 1.125rem;\">Philippe Heurtevent<\/span><\/div>\n<div>Secr\u00e9taire : Patrick Bayeux<\/div>\n<div>Tr\u00e9sorier\u00a0: Michel Contet<\/div>\n<div><span style=\"color: #ffffff;\">\u00a0.<\/span><\/div>\n<div><strong>Conseil d&#8217;administration<\/strong><\/div>\n<div>\n<ul>\n<li>Eric Aynaud<\/li>\n<li>Patrick Bayeux<\/li>\n<li>Michel Contet<\/li>\n<li>Bernard Destombes<\/li>\n<li>Catherine Giobellina<\/li>\n<li>Claude Grajeon<\/li>\n<li>Jean-Pierre Grenier<\/li>\n<li>Philippe Heurtevent<\/li>\n<li>Daniel Levet<\/li>\n<li>Virginie Meurisse<\/li>\n<li>Philippe Ozilou<\/li>\n<li>Marc R\u00e9mond<\/li>\n<li>Jean-Fran\u00e7ois Richard<\/li>\n<li>Marie-Jos\u00e9 Rossi-Jaouen<\/li>\n<li>Mathilde Roussat<\/li>\n<\/ul>\n<\/div>\n","protected":false},"excerpt":{"rendered":"<p>. Bureau Pr\u00e9sidente : Marie-Jos\u00e9 Rossi-Jaouen Pr\u00e9sident d&#8217;honneur : Marc R\u00e9mond Vice-pr\u00e9sidents : Jean-Pierre Grenier, Philippe Heurtevent Secr\u00e9taire : Patrick<\/p>\n","protected":false},"author":1,"featured_media":0,"parent":26,"menu_order":0,"comment_status":"closed","ping_status":"closed","template":"","meta":{"footnotes":""},"_links":{"self":[{"href":"https:\/\/fne-yvelines.org\/index.php\/wp-json\/wp\/v2\/pages\/36"}],"collection":[{"href":"https:\/\/fne-yvelines.org\/index.php\/wp-json\/wp\/v2\/pages"}],"about":[{"href":"https:\/\/fne-yvelines.org\/index.php\/wp-json\/wp\/v2\/types\/page"}],"author":[{"embeddable":true,"href":"https:\/\/fne-yvelines.org\/index.php\/wp-json\/wp\/v2\/users\/1"}],"replies":[{"embeddable":true,"href":"https:\/\/fne-yvelines.org\/index.php\/wp-json\/wp\/v2\/comments?post=36"}],"version-history":[{"count":19,"href":"https:\/\/fne-yvelines.org\/index.php\/wp-json\/wp\/v2\/pages\/36\/revisions"}],"predecessor-version":[{"id":822,"href":"https:\/\/fne-yvelines.org\/index.php\/wp-json\/wp\/v2\/pages\/36\/revisions\/822"}],"up":[{"embeddable":true,"href":"https:\/\/fne-yvelines.org\/index.php\/wp-json\/wp\/v2\/pages\/26"}],"wp:attachment":[{"href":"https:\/\/fne-yvelines.org\/index.php\/wp-json\/wp\/v2\/media?parent=36"}],"curies":[{"name":"wp","href":"https:\/\/api.w.org\/{rel}","templated":true}]}}