{"id":314,"date":"2020-03-28T08:55:14","date_gmt":"2020-03-28T07:55:14","guid":{"rendered":"http:\/\/fne-yvelines.org\/?page_id=314"},"modified":"2020-03-29T12:15:19","modified_gmt":"2020-03-29T10:15:19","slug":"risques-technologiques","status":"publish","type":"page","link":"https:\/\/fne-yvelines.org\/index.php\/risques-technologiques\/","title":{"rendered":"Risques technologiques"},"content":{"rendered":"<p>De nombreux sites pr\u00e9sentant des risques industriels sont pr\u00e9sents dans le d\u00e9partement des Yvelines, notamment le long de la vall\u00e9e de la Seine. Ainsi, le d\u00e9partement compte :<\/p>\n<ul>\n<li>14 <a href=\"https:\/\/www.google.com\/maps\/d\/u\/0\/viewer?mid=1CiNPhB2Y0aUursZn6YBIpFb2LVoVj2tY&amp;ll=48.9060334419755%2C1.7809026128018104&amp;z=10\" target=\"_blank\" rel=\"noopener noreferrer\">sites class\u00e9s SEVESO<\/a> : on diff\u00e9rencie les sites class\u00e9 &#8220;seuil haut&#8221; (7 sites) et les sites class\u00e9s &#8220;seuil bas&#8221; (7 sites). Pour les sites\u00a0 &#8220;seuil haut&#8221;, il y a obligation de mettre en \u0153uvre un Plan de Pr\u00e9vention des Risques Technologiques (PPRT).<\/li>\n<li>287 ICPE (Installations Class\u00e9es pour l&#8217;Environnement) class\u00e9es en fonction de leur nature et de leur risque sous le r\u00e9gime de l&#8217;enregistrement ou de la d\u00e9claration. La nature d&#8217;une ICPE peut \u00eatre tr\u00e8s variable, de la station service distribuant du carburant au d\u00e9p\u00f4ts de produits chimiques, de certains \u00e9levages agricoles aux sites de traitement des d\u00e9chets.<\/li>\n<\/ul>\n<p>Pour obtenir le d\u00e9tail des sites SEVESO et des risques industriels dans le d\u00e9partement, nous vous conseillons les sites suivants :<\/p>\n<ul>\n<li>Article Wikip\u00e9dia <a href=\"https:\/\/fr.wikipedia.org\/wiki\/Risque_industriel_dans_les_Yvelines\" target=\"_blank\" rel=\"noopener noreferrer\">Risque Industriel dans les Yvelines<\/a><\/li>\n<li>\u00a0Site de la DRIEE : <a href=\"http:\/\/www.driee.ile-de-france.developpement-durable.gouv.fr\/les-etablissements-seveso-en-ile-de-france-a946.html\" target=\"_blank\" rel=\"noopener noreferrer\" class=\"broken_link\">Les \u00e9tablissements Seveso en Ile-de-France<\/a><\/li>\n<li>Site de la pr\u00e9fecture : <a href=\"http:\/\/www.yvelines.gouv.fr\/Politiques-publiques\/Environnement-et-prevention-des-risques\/Prevention-des-risques\" target=\"_blank\" rel=\"noopener noreferrer\" class=\"broken_link\">Pr\u00e9vention des risques<\/a><\/li>\n<\/ul>\n<p>A noter que pour le nord des Yvelines, il existe une structure sp\u00e9cifique, le<a href=\"http:\/\/www.spi-vds.org\/fr\/Accueil-3.html\" target=\"_blank\" rel=\"noopener noreferrer\"> SPI Vall\u00e9e de Seine<\/a> qui traite des questions d&#8217;environnement industriel.<\/p>\n<p>Afin que le public et les associations puissent suivre ces installations, des <a href=\"http:\/\/www.driee.ile-de-france.developpement-durable.gouv.fr\/yvelines-r866.html\" target=\"_blank\" rel=\"noopener noreferrer\" class=\"broken_link\">commissions de Suivi de Sites (CSS)<\/a> ont \u00e9t\u00e9 mises en place. Au total, il existe 11 commissions de surveillance ou comit\u00e9s d&#8217;information, instances auxquelles doivent participer les associations de d\u00e9fense de l&#8217;environnement afin de suivre les \u00e9volutions et les dysfonctionnements.<\/p>\n<p>Nous essayons au sein de FNE Yvelines de part son r\u00e9seau d&#8217;associations affili\u00e9es de participer \u00e0 ces commissions, comme indiqu\u00e9 ci-dessous :<\/p>\n<ul>\n<li>Usine Cristal \u00e0 Carri\u00e8res-sur-Seine : <strong>Paulette Menguy du CADEB<\/strong><\/li>\n<li>Stockage souterrain de gaz naturel de Beynes : <strong>Claude Grajeon de l&#8217;association JADE<\/strong><\/li>\n<li>Stockage souterrain de gaz naturel de Saint-Illiers<\/li>\n<li>EMTA Guitrancourt<\/li>\n<li>ITON Seine &#8211; Bonni\u00e8res sur Seine<\/li>\n<li>SIAAP d&#8217;Ach\u00e8res : <strong>Francois Arlabosse de l&#8217;association RACINE (membre du CADEB)<\/strong><\/li>\n<li>CSS Novergie \u00e0 Carri\u00e8re sur Seine<\/li>\n<li>Raffinerie du Midi &#8211; Trapil<\/li>\n<li>Bassin industriel de Triel-sur-Seine et Carri\u00e8res-sous-Poissy<\/li>\n<li>Bassin industriel de Limay, Gargenville, Porcheville<\/li>\n<li>CNIM Thiverval-Grignon (usine d&#8217;incin\u00e9ration d&#8217;ordures m\u00e9nag\u00e8res).<\/li>\n<\/ul>\n<p>&nbsp;<\/p>\n<p>&nbsp;<\/p>\n","protected":false},"excerpt":{"rendered":"<p>De nombreux sites pr\u00e9sentant des risques industriels sont pr\u00e9sents dans le d\u00e9partement des Yvelines, notamment le long de la vall\u00e9e<\/p>\n","protected":false},"author":1,"featured_media":0,"parent":0,"menu_order":0,"comment_status":"closed","ping_status":"closed","template":"","meta":{"footnotes":""},"_links":{"self":[{"href":"https:\/\/fne-yvelines.org\/index.php\/wp-json\/wp\/v2\/pages\/314"}],"collection":[{"href":"https:\/\/fne-yvelines.org\/index.php\/wp-json\/wp\/v2\/pages"}],"about":[{"href":"https:\/\/fne-yvelines.org\/index.php\/wp-json\/wp\/v2\/types\/page"}],"author":[{"embeddable":true,"href":"https:\/\/fne-yvelines.org\/index.php\/wp-json\/wp\/v2\/users\/1"}],"replies":[{"embeddable":true,"href":"https:\/\/fne-yvelines.org\/index.php\/wp-json\/wp\/v2\/comments?post=314"}],"version-history":[{"count":32,"href":"https:\/\/fne-yvelines.org\/index.php\/wp-json\/wp\/v2\/pages\/314\/revisions"}],"predecessor-version":[{"id":400,"href":"https:\/\/fne-yvelines.org\/index.php\/wp-json\/wp\/v2\/pages\/314\/revisions\/400"}],"wp:attachment":[{"href":"https:\/\/fne-yvelines.org\/index.php\/wp-json\/wp\/v2\/media?parent=314"}],"curies":[{"name":"wp","href":"https:\/\/api.w.org\/{rel}","templated":true}]}}