{"id":244,"date":"2020-03-22T10:31:31","date_gmt":"2020-03-22T09:31:31","guid":{"rendered":"http:\/\/fne-yvelines.org\/?page_id=244"},"modified":"2022-01-09T18:36:19","modified_gmt":"2022-01-09T17:36:19","slug":"arretes-prefectoraux","status":"publish","type":"page","link":"https:\/\/fne-yvelines.org\/index.php\/arretes-prefectoraux\/","title":{"rendered":"Arr\u00eat\u00e9s pr\u00e9fectoraux"},"content":{"rendered":"<p>Sur le site de la pr\u00e9fecture, un nouveau fichier .pdf contenant les arr\u00eat\u00e9s est mis en ligne pratiquement chaque jour ouvrable. Ce grand nombre de fichiers rend la recherche d&#8217;un document sp\u00e9cifique fastidieuse. Les fichiers ci-dessous rassemblent les tables des mati\u00e8res de tous les recueils d&#8217;une ann\u00e9e (de 2017 \u00e0 2019). En faisant une recherche par mots-cl\u00e9s, on peut retrouver la date de l&#8217;arr\u00eat\u00e9 recherch\u00e9 puis aller le r\u00e9cup\u00e9rer sur<a href=\"http:\/\/www.yvelines.gouv.fr\/Publications\/Recueil-des-actes-administratifs\" target=\"_blank\" rel=\"noopener noreferrer\" class=\"broken_link\"> le site de la pr\u00e9fecture.<\/a><\/p>\n<p><a href=\"https:\/\/fne-yvelines.org\/wp-content\/uploads\/2022\/01\/Recueil-actes-administrtatifs-2021.pdf\" target=\"_blank\" rel=\"noopener noreferrer\"><span style=\"text-align: left; color: #303030; text-transform: none; text-indent: 0px; letter-spacing: normal; font-family: 'Titillium Web',Tahoma,Arial; font-size: 17.93px; font-variant: normal; font-weight: 400; text-decoration: none; word-spacing: 0px; display: inline !important; white-space: normal; cursor: text; orphans: 2; float: none; -webkit-text-stroke-width: 0px; background-color: #ffffff;\">Table des mati\u00e8res des recueils des actes administratifs de l&#8217;ann\u00e9e 2021<\/span><\/a><\/p>\n<p><a href=\"https:\/\/fne-yvelines.org\/wp-content\/uploads\/2020\/03\/sommaires-actes-administratifs-2019.pdf\" target=\"_blank\" rel=\"noopener noreferrer\">Table des mati\u00e8res des recueils des actes administratifs de l&#8217;ann\u00e9e 2019<\/a><\/p>\n<p><a href=\"https:\/\/fne-yvelines.org\/wp-content\/uploads\/2020\/03\/sommaires-actes-administratifs-2018_Optimized.pdf\" target=\"_blank\" rel=\"noopener noreferrer\"><span style=\"display: inline !important; float: none; background-color: #ffffff; color: #303030; cursor: text; font-family: 'Titillium Web',Tahoma,Arial; font-size: 17.93px; font-style: normal; font-variant: normal; font-weight: 400; letter-spacing: normal; orphans: 2; text-align: left; text-decoration: none; text-indent: 0px; text-transform: none; -webkit-text-stroke-width: 0px; white-space: normal; word-spacing: 0px;\">Table des mati\u00e8res des recueils des actes administratifs de l&#8217;ann\u00e9e 2018<\/span><\/a><\/p>\n<p><a href=\"https:\/\/fne-yvelines.org\/wp-content\/uploads\/2020\/03\/sommaires-actes-administratifs-2017.pdf\" target=\"_blank\" rel=\"noopener noreferrer\"><span style=\"display: inline !important; float: none; background-color: #ffffff; color: #303030; cursor: text; font-family: 'Titillium Web',Tahoma,Arial; font-size: 17.93px; font-style: normal; font-variant: normal; font-weight: 400; letter-spacing: normal; orphans: 2; text-align: left; text-decoration: none; text-indent: 0px; text-transform: none; -webkit-text-stroke-width: 0px; white-space: normal; word-spacing: 0px;\">Table des mati\u00e8res des recueils des actes administratifs de l&#8217;ann\u00e9e 2017<\/span><\/a><\/p>\n<p>&nbsp;<\/p>\n<p>&nbsp;<\/p>\n<p>&nbsp;<\/p>\n<p>&nbsp;<\/p>\n","protected":false},"excerpt":{"rendered":"<p>Sur le site de la pr\u00e9fecture, un nouveau fichier .pdf contenant les arr\u00eat\u00e9s est mis en ligne pratiquement chaque jour<\/p>\n","protected":false},"author":1,"featured_media":0,"parent":0,"menu_order":0,"comment_status":"closed","ping_status":"closed","template":"","meta":{"footnotes":""},"_links":{"self":[{"href":"https:\/\/fne-yvelines.org\/index.php\/wp-json\/wp\/v2\/pages\/244"}],"collection":[{"href":"https:\/\/fne-yvelines.org\/index.php\/wp-json\/wp\/v2\/pages"}],"about":[{"href":"https:\/\/fne-yvelines.org\/index.php\/wp-json\/wp\/v2\/types\/page"}],"author":[{"embeddable":true,"href":"https:\/\/fne-yvelines.org\/index.php\/wp-json\/wp\/v2\/users\/1"}],"replies":[{"embeddable":true,"href":"https:\/\/fne-yvelines.org\/index.php\/wp-json\/wp\/v2\/comments?post=244"}],"version-history":[{"count":11,"href":"https:\/\/fne-yvelines.org\/index.php\/wp-json\/wp\/v2\/pages\/244\/revisions"}],"predecessor-version":[{"id":697,"href":"https:\/\/fne-yvelines.org\/index.php\/wp-json\/wp\/v2\/pages\/244\/revisions\/697"}],"wp:attachment":[{"href":"https:\/\/fne-yvelines.org\/index.php\/wp-json\/wp\/v2\/media?parent=244"}],"curies":[{"name":"wp","href":"https:\/\/api.w.org\/{rel}","templated":true}]}}