{"id":230,"date":"2020-03-21T21:33:56","date_gmt":"2020-03-21T20:33:56","guid":{"rendered":"http:\/\/fne-yvelines.org\/?page_id=230"},"modified":"2020-03-23T10:31:02","modified_gmt":"2020-03-23T09:31:02","slug":"nous-contacter-adherer","status":"publish","type":"page","link":"https:\/\/fne-yvelines.org\/index.php\/nous-contacter-adherer\/","title":{"rendered":"Nous contacter \/ Adh\u00e9rer"},"content":{"rendered":"<p>Pour nous contacter, envoyez-nous un mail \u00e0 l&#8217;adresse suivante : fne.yvelines@gmail.com<\/p>\n<p><strong>Pour les adh\u00e9sions<\/strong> :<\/p>\n<p>Pour une association, l&#8217;association \u00e0 FNE Yvelines peut se faire soit indirectement en adh\u00e9rant \u00e0 un collectif existant sur le territoire (CADEB, JADE, Sauvons les Yvelines, Union des Amis du Parc de Chevreuse), soit directement aupr\u00e8s de FNE Yvelines.<\/p>\n<p>FNE Yvelines \u00e9tant un collectif d&#8217;associations ou de collectifs d&#8217;associations, les adh\u00e9sions individuelles ne sont pas possibles.<\/p>\n<p><span style=\"display: inline !important; float: none; background-color: #ffffff; color: #303030; cursor: text; font-family: 'Titillium Web',Tahoma,Arial; font-size: 17.93px; font-style: normal; font-variant: normal; font-weight: 400; letter-spacing: normal; orphans: 2; text-align: left; text-decoration: none; text-indent: 0px; text-transform: none; -webkit-text-stroke-width: 0px; white-space: normal; word-spacing: 0px;\">La d\u00e9fense de l&#8217;environnement a besoin de vous : n&#8217;h\u00e9sitez pas \u00e0 vous engager aupr\u00e8s d&#8217;une association locale de d\u00e9fense de l&#8217;environnement afin de pouvoir agir collectivement !<\/span><\/p>\n<p>&nbsp;<\/p>\n","protected":false},"excerpt":{"rendered":"<p>Pour nous contacter, envoyez-nous un mail \u00e0 l&#8217;adresse suivante : fne.yvelines@gmail.com Pour les adh\u00e9sions : Pour une association, l&#8217;association \u00e0<\/p>\n","protected":false},"author":1,"featured_media":0,"parent":0,"menu_order":0,"comment_status":"closed","ping_status":"closed","template":"","meta":{"footnotes":""},"_links":{"self":[{"href":"https:\/\/fne-yvelines.org\/index.php\/wp-json\/wp\/v2\/pages\/230"}],"collection":[{"href":"https:\/\/fne-yvelines.org\/index.php\/wp-json\/wp\/v2\/pages"}],"about":[{"href":"https:\/\/fne-yvelines.org\/index.php\/wp-json\/wp\/v2\/types\/page"}],"author":[{"embeddable":true,"href":"https:\/\/fne-yvelines.org\/index.php\/wp-json\/wp\/v2\/users\/1"}],"replies":[{"embeddable":true,"href":"https:\/\/fne-yvelines.org\/index.php\/wp-json\/wp\/v2\/comments?post=230"}],"version-history":[{"count":4,"href":"https:\/\/fne-yvelines.org\/index.php\/wp-json\/wp\/v2\/pages\/230\/revisions"}],"predecessor-version":[{"id":279,"href":"https:\/\/fne-yvelines.org\/index.php\/wp-json\/wp\/v2\/pages\/230\/revisions\/279"}],"wp:attachment":[{"href":"https:\/\/fne-yvelines.org\/index.php\/wp-json\/wp\/v2\/media?parent=230"}],"curies":[{"name":"wp","href":"https:\/\/api.w.org\/{rel}","templated":true}]}}