{"id":207,"date":"2020-03-21T19:19:46","date_gmt":"2020-03-21T18:19:46","guid":{"rendered":"http:\/\/fne-yvelines.org\/?page_id=207"},"modified":"2020-03-21T21:04:00","modified_gmt":"2020-03-21T20:04:00","slug":"compte-rendu-des-assemblee-generales","status":"publish","type":"page","link":"https:\/\/fne-yvelines.org\/index.php\/compte-rendu-des-assemblee-generales\/","title":{"rendered":"Compte-rendu des assembl\u00e9e g\u00e9n\u00e9rales"},"content":{"rendered":"<p><a href=\"https:\/\/fne-yvelines.org\/wp-content\/uploads\/2020\/03\/FNE-78_CR-AGO-du-18-mai-2019-Version-diffus\u00e9e.pdf\" target=\"_blank\" rel=\"noopener noreferrer\"><span style=\"display: inline !important; float: none; background-color: #ffffff; color: #303030; cursor: text; font-family: 'Titillium Web',Tahoma,Arial; font-size: 17.93px; font-style: normal; font-variant: normal; font-weight: 400; letter-spacing: normal; orphans: 2; text-align: left; text-decoration: none; text-indent: 0px; text-transform: none; -webkit-text-stroke-width: 0px; white-space: normal; word-spacing: 0px;\">Compte-rendu de l&#8217;assembl\u00e9e g\u00e9n\u00e9rale d<\/span><span style=\"display: inline !important; float: none; background-color: #ffffff; color: #303030; cursor: text; font-family: 'Titillium Web',Tahoma,Arial; font-size: 17.93px; font-style: normal; font-variant: normal; font-weight: 400; letter-spacing: normal; orphans: 2; text-align: left; text-decoration: none; text-indent: 0px; text-transform: none; -webkit-text-stroke-width: 0px; white-space: normal; word-spacing: 0px;\">u 18 mai 201<\/span><span style=\"display: inline !important; float: none; background-color: #ffffff; color: #303030; cursor: text; font-family: 'Titillium Web',Tahoma,Arial; font-size: 17.93px; font-style: normal; font-variant: normal; font-weight: 400; letter-spacing: normal; orphans: 2; text-align: left; text-decoration: none; text-indent: 0px; text-transform: none; -webkit-text-stroke-width: 0px; white-space: normal; word-spacing: 0px;\">9<\/span><\/a><\/p>\n<p><a href=\"https:\/\/fne-yvelines.org\/wp-content\/uploads\/2020\/03\/FNE-78_CR-AGO-du-12-avril-2018-Version-diffus\u00e9e.pdf\" target=\"_blank\" rel=\"noopener noreferrer\"><span style=\"display: inline !important; float: none; background-color: #ffffff; color: #303030; cursor: text; font-family: 'Titillium Web',Tahoma,Arial; font-size: 17.93px; font-style: normal; font-variant: normal; font-weight: 400; letter-spacing: normal; orphans: 2; text-align: left; text-decoration: none; text-indent: 0px; text-transform: none; -webkit-text-stroke-width: 0px; white-space: normal; word-spacing: 0px;\">Compte-rendu de l&#8217;assembl\u00e9e g\u00e9n\u00e9rale du 12 avril 2018<\/span><\/a><\/p>\n<p><a href=\"https:\/\/fne-yvelines.org\/wp-content\/uploads\/2020\/03\/FNE-78_CR-AGO-du-2-f\u00e9vrier-2017-final.pdf\" target=\"_blank\" rel=\"noopener noreferrer\">Compte-rendu de l&#8217;assembl\u00e9e g\u00e9n\u00e9rale du 2 f\u00e9vrier 2017<\/a><\/p>\n<p><a href=\"https:\/\/fne-yvelines.org\/wp-content\/uploads\/2020\/03\/Compte-rendu-du-cosneil-du-29-juin-2016-d\u00e9finitif.pdf\" target=\"_blank\" rel=\"noopener noreferrer\">Compte-rendu de l&#8217;assembl\u00e9e constitutive du 29 juin 2016<\/a><\/p>\n","protected":false},"excerpt":{"rendered":"<p>Compte-rendu de l&#8217;assembl\u00e9e g\u00e9n\u00e9rale du 18 mai 2019 Compte-rendu de l&#8217;assembl\u00e9e g\u00e9n\u00e9rale du 12 avril 2018 Compte-rendu de l&#8217;assembl\u00e9e g\u00e9n\u00e9rale<\/p>\n","protected":false},"author":1,"featured_media":0,"parent":0,"menu_order":0,"comment_status":"closed","ping_status":"closed","template":"","meta":{"footnotes":""},"_links":{"self":[{"href":"https:\/\/fne-yvelines.org\/index.php\/wp-json\/wp\/v2\/pages\/207"}],"collection":[{"href":"https:\/\/fne-yvelines.org\/index.php\/wp-json\/wp\/v2\/pages"}],"about":[{"href":"https:\/\/fne-yvelines.org\/index.php\/wp-json\/wp\/v2\/types\/page"}],"author":[{"embeddable":true,"href":"https:\/\/fne-yvelines.org\/index.php\/wp-json\/wp\/v2\/users\/1"}],"replies":[{"embeddable":true,"href":"https:\/\/fne-yvelines.org\/index.php\/wp-json\/wp\/v2\/comments?post=207"}],"version-history":[{"count":9,"href":"https:\/\/fne-yvelines.org\/index.php\/wp-json\/wp\/v2\/pages\/207\/revisions"}],"predecessor-version":[{"id":226,"href":"https:\/\/fne-yvelines.org\/index.php\/wp-json\/wp\/v2\/pages\/207\/revisions\/226"}],"wp:attachment":[{"href":"https:\/\/fne-yvelines.org\/index.php\/wp-json\/wp\/v2\/media?parent=207"}],"curies":[{"name":"wp","href":"https:\/\/api.w.org\/{rel}","templated":true}]}}