{"id":177,"date":"2020-03-21T18:17:39","date_gmt":"2020-03-21T17:17:39","guid":{"rendered":"http:\/\/fne-yvelines.org\/?page_id=177"},"modified":"2020-03-21T18:19:22","modified_gmt":"2020-03-21T17:19:22","slug":"politique-de-confidentialite-2","status":"publish","type":"page","link":"https:\/\/fne-yvelines.org\/index.php\/politique-de-confidentialite-2\/","title":{"rendered":"Politique de confidentialit\u00e9"},"content":{"rendered":"<div><strong>LOI INFORMATIQUE ET LIBERTE (RGPD)<\/strong><\/div>\n<div><\/div>\n<div>Les informations recueillies par l\u2019association FNE Yvelines font l\u2019objet d\u2019un traitement informatique destin\u00e9 \u00e0 la gestion, l\u2019animation et la communication de l\u2019association ; elles ne sont pas d\u00e9voil\u00e9es \u00e0 des tiers.<\/div>\n<div><\/div>\n<div>Conform\u00e9ment aux textes du RGPD (JO du 21\/06\/2018), vous b\u00e9n\u00e9ficiez d\u2019un droit d\u2019acc\u00e8s et de rectification aux informations qui vous concernent, que vous pouvez exercer en vous adressant par mail ou par courrier au si\u00e8ge de l\u2019association. Vous pouvez \u00e9galement, pour des motifs l\u00e9gitimes, vous opposer au traitement des donn\u00e9es vous concernant.<\/div>\n<div><\/div>\n<div>Si vous ne souhaitez plus recevoir de relance d\u2019adh\u00e9sion et de messages de l\u2019association, envoyer un mail \u00e0 l\u2019association \u00e0 l&#8217;adresse : fne.yvelines@gmail.com<\/div>\n","protected":false},"excerpt":{"rendered":"<p>LOI INFORMATIQUE ET LIBERTE (RGPD) Les informations recueillies par l\u2019association FNE Yvelines font l\u2019objet d\u2019un traitement informatique destin\u00e9 \u00e0 la<\/p>\n","protected":false},"author":1,"featured_media":0,"parent":0,"menu_order":0,"comment_status":"closed","ping_status":"closed","template":"","meta":{"footnotes":""},"_links":{"self":[{"href":"https:\/\/fne-yvelines.org\/index.php\/wp-json\/wp\/v2\/pages\/177"}],"collection":[{"href":"https:\/\/fne-yvelines.org\/index.php\/wp-json\/wp\/v2\/pages"}],"about":[{"href":"https:\/\/fne-yvelines.org\/index.php\/wp-json\/wp\/v2\/types\/page"}],"author":[{"embeddable":true,"href":"https:\/\/fne-yvelines.org\/index.php\/wp-json\/wp\/v2\/users\/1"}],"replies":[{"embeddable":true,"href":"https:\/\/fne-yvelines.org\/index.php\/wp-json\/wp\/v2\/comments?post=177"}],"version-history":[{"count":3,"href":"https:\/\/fne-yvelines.org\/index.php\/wp-json\/wp\/v2\/pages\/177\/revisions"}],"predecessor-version":[{"id":181,"href":"https:\/\/fne-yvelines.org\/index.php\/wp-json\/wp\/v2\/pages\/177\/revisions\/181"}],"wp:attachment":[{"href":"https:\/\/fne-yvelines.org\/index.php\/wp-json\/wp\/v2\/media?parent=177"}],"curies":[{"name":"wp","href":"https:\/\/api.w.org\/{rel}","templated":true}]}}